{"id":10375,"date":"2024-11-14T14:57:19","date_gmt":"2024-11-14T14:57:19","guid":{"rendered":"https:\/\/zoomadlabs.com\/?page_id=10375"},"modified":"2024-12-10T07:49:35","modified_gmt":"2024-12-10T07:49:35","slug":"zoomafia","status":"publish","type":"page","link":"https:\/\/zoomadlabs.com\/en\/zoomafia","title":{"rendered":"Zoomafia"},"content":{"rendered":"<div data-elementor-type=\"wp-page\" data-elementor-id=\"10375\" class=\"elementor elementor-10375\" data-elementor-post-type=\"page\">\n\t\t\t\t<div class=\"elementor-element elementor-element-338500c e-con-full e-flex wpr-particle-no wpr-jarallax-no wpr-parallax-no wpr-sticky-section-no e-con e-parent\" data-id=\"338500c\" data-element_type=\"container\">\n\t\t\t\t<div class=\"elementor-element elementor-element-f89ddd0 elementor-widget elementor-widget-image\" data-id=\"f89ddd0\" data-element_type=\"widget\" data-widget_type=\"image.default\">\n\t\t\t\t<div class=\"elementor-widget-container\">\n\t\t\t\t\t\t\t\t\t\t\t\t\t\t\t<img fetchpriority=\"high\" decoding=\"async\" width=\"2111\" height=\"517\" src=\"https:\/\/zoomadlabs.com\/wp-content\/uploads\/2024\/11\/banner.jpg\" class=\"attachment-full size-full wp-image-10376\" alt=\"\" srcset=\"https:\/\/zoomadlabs.com\/wp-content\/uploads\/2024\/11\/banner.jpg 2111w, https:\/\/zoomadlabs.com\/wp-content\/uploads\/2024\/11\/banner-300x73.jpg 300w, https:\/\/zoomadlabs.com\/wp-content\/uploads\/2024\/11\/banner-1024x251.jpg 1024w, https:\/\/zoomadlabs.com\/wp-content\/uploads\/2024\/11\/banner-768x188.jpg 768w, https:\/\/zoomadlabs.com\/wp-content\/uploads\/2024\/11\/banner-1536x376.jpg 1536w, https:\/\/zoomadlabs.com\/wp-content\/uploads\/2024\/11\/banner-2048x502.jpg 2048w, https:\/\/zoomadlabs.com\/wp-content\/uploads\/2024\/11\/banner-18x4.jpg 18w, https:\/\/zoomadlabs.com\/wp-content\/uploads\/2024\/11\/banner-1320x323.jpg 1320w, https:\/\/zoomadlabs.com\/wp-content\/uploads\/2024\/11\/banner-600x147.jpg 600w\" sizes=\"(max-width: 2111px) 100vw, 2111px\" \/>\t\t\t\t\t\t\t\t\t\t\t\t\t\t\t<\/div>\n\t\t\t\t<\/div>\n\t\t\t\t<\/div>\n\t\t<div class=\"elementor-element elementor-element-aeb2533 e-flex e-con-boxed wpr-particle-no wpr-jarallax-no wpr-parallax-no wpr-sticky-section-no e-con e-parent\" data-id=\"aeb2533\" data-element_type=\"container\" data-settings=\"{&quot;background_background&quot;:&quot;classic&quot;}\">\n\t\t\t\t\t<div class=\"e-con-inner\">\n\t\t\t\t<div class=\"elementor-element elementor-element-1da0f3a elementor-widget elementor-widget-spacer\" data-id=\"1da0f3a\" data-element_type=\"widget\" data-widget_type=\"spacer.default\">\n\t\t\t\t<div class=\"elementor-widget-container\">\n\t\t\t\t\t\t\t<div class=\"elementor-spacer\">\n\t\t\t<div class=\"elementor-spacer-inner\"><\/div>\n\t\t<\/div>\n\t\t\t\t\t\t<\/div>\n\t\t\t\t<\/div>\n\t\t\t\t<div class=\"elementor-element elementor-element-e2d4541 elementor-widget elementor-widget-heading\" data-id=\"e2d4541\" data-element_type=\"widget\" data-widget_type=\"heading.default\">\n\t\t\t\t<div class=\"elementor-widget-container\">\n\t\t\t\t\t<h4 class=\"elementor-heading-title elementor-size-default\">We want to build a community of people committed to well-being and personal care.<\/h4>\t\t\t\t<\/div>\n\t\t\t\t<\/div>\n\t\t\t\t<div class=\"elementor-element elementor-element-3484c48 elementor-widget elementor-widget-text-editor\" data-id=\"3484c48\" data-element_type=\"widget\" data-widget_type=\"text-editor.default\">\n\t\t\t\t<div class=\"elementor-widget-container\">\n\t\t\t\t\t\t\t\t\t<p class=\"translation-block\">At<strong>Zoomad Labs<\/strong><sup>\u00ae\ufe0f<\/sup> we not only create elite supplements, but we are a community of beasts. If you share an affinity for our products, the <strong>Zoomad Universe <\/strong>and want to be part of something bigger, this is your place.<\/p>\t\t\t\t\t\t\t\t<\/div>\n\t\t\t\t<\/div>\n\t\t\t\t<div class=\"elementor-element elementor-element-02b83dc elementor-widget elementor-widget-spacer\" data-id=\"02b83dc\" data-element_type=\"widget\" data-widget_type=\"spacer.default\">\n\t\t\t\t<div class=\"elementor-widget-container\">\n\t\t\t\t\t\t\t<div class=\"elementor-spacer\">\n\t\t\t<div class=\"elementor-spacer-inner\"><\/div>\n\t\t<\/div>\n\t\t\t\t\t\t<\/div>\n\t\t\t\t<\/div>\n\t\t\t\t\t<\/div>\n\t\t\t\t<\/div>\n\t\t<div class=\"elementor-element elementor-element-c34d83c e-flex e-con-boxed wpr-particle-no wpr-jarallax-no wpr-parallax-no wpr-sticky-section-no e-con e-parent\" data-id=\"c34d83c\" data-element_type=\"container\">\n\t\t\t\t\t<div class=\"e-con-inner\">\n\t\t<div class=\"elementor-element elementor-element-41217a2 e-con-full e-flex wpr-particle-no wpr-jarallax-no wpr-parallax-no wpr-sticky-section-no e-con e-child\" data-id=\"41217a2\" data-element_type=\"container\">\n\t\t\t\t<div class=\"elementor-element elementor-element-b2275cc elementor-widget elementor-widget-image\" data-id=\"b2275cc\" data-element_type=\"widget\" data-widget_type=\"image.default\">\n\t\t\t\t<div class=\"elementor-widget-container\">\n\t\t\t\t\t\t\t\t\t\t\t\t\t\t\t<img decoding=\"async\" width=\"713\" height=\"1024\" src=\"https:\/\/zoomadlabs.com\/wp-content\/uploads\/2024\/11\/brice-nuevo-713x1024.jpg\" class=\"attachment-large size-large wp-image-10384\" alt=\"\" srcset=\"https:\/\/zoomadlabs.com\/wp-content\/uploads\/2024\/11\/brice-nuevo-713x1024.jpg 713w, https:\/\/zoomadlabs.com\/wp-content\/uploads\/2024\/11\/brice-nuevo-209x300.jpg 209w, https:\/\/zoomadlabs.com\/wp-content\/uploads\/2024\/11\/brice-nuevo-768x1103.jpg 768w, https:\/\/zoomadlabs.com\/wp-content\/uploads\/2024\/11\/brice-nuevo-8x12.jpg 8w, https:\/\/zoomadlabs.com\/wp-content\/uploads\/2024\/11\/brice-nuevo-600x862.jpg 600w, https:\/\/zoomadlabs.com\/wp-content\/uploads\/2024\/11\/brice-nuevo.jpg 1053w\" sizes=\"(max-width: 713px) 100vw, 713px\" \/>\t\t\t\t\t\t\t\t\t\t\t\t\t\t\t<\/div>\n\t\t\t\t<\/div>\n\t\t\t\t<\/div>\n\t\t<div class=\"elementor-element elementor-element-dcd5f5c e-con-full e-flex wpr-particle-no wpr-jarallax-no wpr-parallax-no wpr-sticky-section-no e-con e-child\" data-id=\"dcd5f5c\" data-element_type=\"container\">\n\t\t\t\t<div class=\"elementor-element elementor-element-4300440 elementor-widget elementor-widget-spacer\" data-id=\"4300440\" data-element_type=\"widget\" data-widget_type=\"spacer.default\">\n\t\t\t\t<div class=\"elementor-widget-container\">\n\t\t\t\t\t\t\t<div class=\"elementor-spacer\">\n\t\t\t<div class=\"elementor-spacer-inner\"><\/div>\n\t\t<\/div>\n\t\t\t\t\t\t<\/div>\n\t\t\t\t<\/div>\n\t\t\t\t<div class=\"elementor-element elementor-element-196fa99 elementor-widget elementor-widget-heading\" data-id=\"196fa99\" data-element_type=\"widget\" data-widget_type=\"heading.default\">\n\t\t\t\t<div class=\"elementor-widget-container\">\n\t\t\t\t\t<h4 class=\"elementor-heading-title elementor-size-default\">ZOOMAFIA<\/h4>\t\t\t\t<\/div>\n\t\t\t\t<\/div>\n\t\t\t\t<div class=\"elementor-element elementor-element-f5eec26 elementor-widget elementor-widget-heading\" data-id=\"f5eec26\" data-element_type=\"widget\" data-widget_type=\"heading.default\">\n\t\t\t\t<div class=\"elementor-widget-container\">\n\t\t\t\t\t<h4 class=\"elementor-heading-title elementor-size-default\">BRAND AMBASSADORS<\/h4>\t\t\t\t<\/div>\n\t\t\t\t<\/div>\n\t\t\t\t<div class=\"elementor-element elementor-element-2aa174c elementor-widget elementor-widget-spacer\" data-id=\"2aa174c\" data-element_type=\"widget\" data-widget_type=\"spacer.default\">\n\t\t\t\t<div class=\"elementor-widget-container\">\n\t\t\t\t\t\t\t<div class=\"elementor-spacer\">\n\t\t\t<div class=\"elementor-spacer-inner\"><\/div>\n\t\t<\/div>\n\t\t\t\t\t\t<\/div>\n\t\t\t\t<\/div>\n\t\t\t\t<div class=\"elementor-element elementor-element-35bd0ee elementor-widget elementor-widget-text-editor\" data-id=\"35bd0ee\" data-element_type=\"widget\" data-widget_type=\"text-editor.default\">\n\t\t\t\t<div class=\"elementor-widget-container\">\n\t\t\t\t\t\t\t\t\t<p class=\"translation-block\">If you are a content creator, have a great reach on social networks or an inspiring lifestyle that motivates others to take care of themselves, we want you to join the <i>Zoomafia <\/i>as a Brand Ambassador of <em>Zoomad Labs<\/em>!<\/p><p class=\"translation-block\">You will have access to <strong>free products, news and events.<\/strong> You will be a key player in our campaigns and we will offer you a Package of <strong>economic benefits<\/strong> tailored to you.<\/p><p><strong>Advantages:<\/strong><\/p><ul><li>Monthly financial benefits package.<\/li><li>Productos gratuitos y exclusivos.<\/li><li>Acceso anticipado a lanzamientos de nuevos productos.<\/li><li>Special promotions for your followers.<\/li><li>Exposure on our social networks and website.<\/li><li>Opportunity to participate in important events as part of Zoomafia Team.<\/li><\/ul><p><strong>How can I be a Zoomad Labs ambassador?<\/strong><\/p><p class=\"translation-block\">Contact us at email <a href=\"mailto:info@zoomadlabs.com\" target=\"_self\"><strong>info@zoomadlabs.com<\/strong><\/a> and send us the link of your most important social network , and we will contact you to discuss the details.<\/p>\t\t\t\t\t\t\t\t<\/div>\n\t\t\t\t<\/div>\n\t\t\t\t<\/div>\n\t\t\t\t\t<\/div>\n\t\t\t\t<\/div>\n\t\t<div class=\"elementor-element elementor-element-e5c8e98 e-flex e-con-boxed wpr-particle-no wpr-jarallax-no wpr-parallax-no wpr-sticky-section-no e-con e-parent\" data-id=\"e5c8e98\" data-element_type=\"container\">\n\t\t\t\t\t<div class=\"e-con-inner\">\n\t\t<div class=\"elementor-element elementor-element-c366a89 e-con-full e-flex wpr-particle-no wpr-jarallax-no wpr-parallax-no wpr-sticky-section-no e-con e-child\" data-id=\"c366a89\" data-element_type=\"container\">\n\t\t\t\t<div class=\"elementor-element elementor-element-2b82734 elementor-align-center elementor-widget elementor-widget-button\" data-id=\"2b82734\" data-element_type=\"widget\" data-widget_type=\"button.default\">\n\t\t\t\t<div class=\"elementor-widget-container\">\n\t\t\t\t\t\t\t\t\t<div class=\"elementor-button-wrapper\">\n\t\t\t\t\t<a class=\"elementor-button elementor-button-link elementor-size-sm\" href=\"https:\/\/www.affiliatly.com\/af-1069676\/affiliate.panel?mode=register\" target=\"_blank\">\n\t\t\t\t\t\t<span class=\"elementor-button-content-wrapper\">\n\t\t\t\t\t\t\t\t\t<span class=\"elementor-button-text\">REGISTER<\/span>\n\t\t\t\t\t<\/span>\n\t\t\t\t\t<\/a>\n\t\t\t\t<\/div>\n\t\t\t\t\t\t\t\t<\/div>\n\t\t\t\t<\/div>\n\t\t\t\t<div class=\"elementor-element elementor-element-f978d8a elementor-align-center elementor-widget elementor-widget-button\" data-id=\"f978d8a\" data-element_type=\"widget\" data-widget_type=\"button.default\">\n\t\t\t\t<div class=\"elementor-widget-container\">\n\t\t\t\t\t\t\t\t\t<div class=\"elementor-button-wrapper\">\n\t\t\t\t\t<a class=\"elementor-button elementor-button-link elementor-size-sm\" href=\"https:\/\/www.affiliatly.com\/af-1069676\/affiliate.panel\" target=\"_blank\">\n\t\t\t\t\t\t<span class=\"elementor-button-content-wrapper\">\n\t\t\t\t\t\t\t\t\t<span class=\"elementor-button-text\">LOGIN<\/span>\n\t\t\t\t\t<\/span>\n\t\t\t\t\t<\/a>\n\t\t\t\t<\/div>\n\t\t\t\t\t\t\t\t<\/div>\n\t\t\t\t<\/div>\n\t\t\t\t<\/div>\n\t\t\t\t\t<\/div>\n\t\t\t\t<\/div>\n\t\t<div class=\"elementor-element elementor-element-8604c0f e-flex e-con-boxed wpr-particle-no wpr-jarallax-no wpr-parallax-no wpr-sticky-section-no e-con e-parent\" data-id=\"8604c0f\" data-element_type=\"container\">\n\t\t\t\t\t<div class=\"e-con-inner\">\n\t\t<div class=\"elementor-element elementor-element-650bb28 e-con-full e-flex wpr-particle-no wpr-jarallax-no wpr-parallax-no wpr-sticky-section-no e-con e-child\" data-id=\"650bb28\" data-element_type=\"container\">\n\t\t\t\t<div class=\"elementor-element elementor-element-e0c9ece elementor-widget elementor-widget-spacer\" data-id=\"e0c9ece\" data-element_type=\"widget\" data-widget_type=\"spacer.default\">\n\t\t\t\t<div class=\"elementor-widget-container\">\n\t\t\t\t\t\t\t<div class=\"elementor-spacer\">\n\t\t\t<div class=\"elementor-spacer-inner\"><\/div>\n\t\t<\/div>\n\t\t\t\t\t\t<\/div>\n\t\t\t\t<\/div>\n\t\t\t\t<div class=\"elementor-element elementor-element-1f388b3 elementor-widget elementor-widget-heading\" data-id=\"1f388b3\" data-element_type=\"widget\" data-widget_type=\"heading.default\">\n\t\t\t\t<div class=\"elementor-widget-container\">\n\t\t\t\t\t<h4 class=\"elementor-heading-title elementor-size-default\">ZOOMAFIA<\/h4>\t\t\t\t<\/div>\n\t\t\t\t<\/div>\n\t\t\t\t<div class=\"elementor-element elementor-element-61a37d3 elementor-widget elementor-widget-heading\" data-id=\"61a37d3\" data-element_type=\"widget\" data-widget_type=\"heading.default\">\n\t\t\t\t<div class=\"elementor-widget-container\">\n\t\t\t\t\t<h4 class=\"elementor-heading-title elementor-size-default\">affiliate program<\/h4>\t\t\t\t<\/div>\n\t\t\t\t<\/div>\n\t\t\t\t<div class=\"elementor-element elementor-element-d137035 elementor-widget elementor-widget-spacer\" data-id=\"d137035\" data-element_type=\"widget\" data-widget_type=\"spacer.default\">\n\t\t\t\t<div class=\"elementor-widget-container\">\n\t\t\t\t\t\t\t<div class=\"elementor-spacer\">\n\t\t\t<div class=\"elementor-spacer-inner\"><\/div>\n\t\t<\/div>\n\t\t\t\t\t\t<\/div>\n\t\t\t\t<\/div>\n\t\t\t\t<div class=\"elementor-element elementor-element-b4da2e0 elementor-widget elementor-widget-text-editor\" data-id=\"b4da2e0\" data-element_type=\"widget\" data-widget_type=\"text-editor.default\">\n\t\t\t\t<div class=\"elementor-widget-container\">\n\t\t\t\t\t\t\t\t\t<p>\u00bfAre you always telling your friends and acquaintances what supplementation to take and how they should consume it? This is your place! Accumulate sales commission for each product they have purchased with your recommendation.<\/p><p>Do you want to be part of the Crew? It's very simple<\/p>\t\t\t\t\t\t\t\t<\/div>\n\t\t\t\t<\/div>\n\t\t\t\t<div class=\"elementor-element elementor-element-22953dc elementor-widget elementor-widget-heading\" data-id=\"22953dc\" data-element_type=\"widget\" data-widget_type=\"heading.default\">\n\t\t\t\t<div class=\"elementor-widget-container\">\n\t\t\t\t\t<h4 class=\"elementor-heading-title elementor-size-default\">reg\u00edstrate<\/h4>\t\t\t\t<\/div>\n\t\t\t\t<\/div>\n\t\t\t\t<div class=\"elementor-element elementor-element-19583e8 elementor-widget elementor-widget-text-editor\" data-id=\"19583e8\" data-element_type=\"widget\" data-widget_type=\"text-editor.default\">\n\t\t\t\t<div class=\"elementor-widget-container\">\n\t\t\t\t\t\t\t\t\t<p>\u00a1Tan f\u00e1cil como hacer un click en el enlace que te dejamos a continuaci\u00f3n!\u00a0<\/p>\t\t\t\t\t\t\t\t<\/div>\n\t\t\t\t<\/div>\n\t\t\t\t<div class=\"elementor-element elementor-element-6cd146d elementor-widget elementor-widget-heading\" data-id=\"6cd146d\" data-element_type=\"widget\" data-widget_type=\"heading.default\">\n\t\t\t\t<div class=\"elementor-widget-container\">\n\t\t\t\t\t<h4 class=\"elementor-heading-title elementor-size-default\">comparte<\/h4>\t\t\t\t<\/div>\n\t\t\t\t<\/div>\n\t\t\t\t<div class=\"elementor-element elementor-element-b696604 elementor-widget elementor-widget-text-editor\" data-id=\"b696604\" data-element_type=\"widget\" data-widget_type=\"text-editor.default\">\n\t\t\t\t<div class=\"elementor-widget-container\">\n\t\t\t\t\t\t\t\t\t<p>Tras el registro se crear\u00e1 tu\u00a0<strong>enlace de afiliado<\/strong>. \u00a1Es el momento de que lo compartas en todas tus redes sociales!, te recomendamos que lo coloques en el perfil para que todos lo vean.<\/p>\t\t\t\t\t\t\t\t<\/div>\n\t\t\t\t<\/div>\n\t\t\t\t<div class=\"elementor-element elementor-element-af5049e elementor-widget elementor-widget-heading\" data-id=\"af5049e\" data-element_type=\"widget\" data-widget_type=\"heading.default\">\n\t\t\t\t<div class=\"elementor-widget-container\">\n\t\t\t\t\t<h4 class=\"elementor-heading-title elementor-size-default\">cup\u00f3n del 10% de descuento<\/h4>\t\t\t\t<\/div>\n\t\t\t\t<\/div>\n\t\t\t\t<div class=\"elementor-element elementor-element-ed10433 elementor-widget elementor-widget-text-editor\" data-id=\"ed10433\" data-element_type=\"widget\" data-widget_type=\"text-editor.default\">\n\t\t\t\t<div class=\"elementor-widget-container\">\n\t\t\t\t\t\t\t\t\t<p>\u00bfLo m\u00e1s importante? recibir\u00e1s un cup\u00f3n personalizado con el cual t\u00fa y tus seguidores podr\u00e9is obtener un <strong>10% de descuento en toda la tienda <\/strong>\u00a1Sin l\u00edmites y para siempre!<\/p>\t\t\t\t\t\t\t\t<\/div>\n\t\t\t\t<\/div>\n\t\t\t\t<div class=\"elementor-element elementor-element-48f6e11 elementor-widget elementor-widget-heading\" data-id=\"48f6e11\" data-element_type=\"widget\" data-widget_type=\"heading.default\">\n\t\t\t\t<div class=\"elementor-widget-container\">\n\t\t\t\t\t<h4 class=\"elementor-heading-title elementor-size-default\">comisiones<\/h4>\t\t\t\t<\/div>\n\t\t\t\t<\/div>\n\t\t\t\t<div class=\"elementor-element elementor-element-7716b5d elementor-widget elementor-widget-text-editor\" data-id=\"7716b5d\" data-element_type=\"widget\" data-widget_type=\"text-editor.default\">\n\t\t\t\t<div class=\"elementor-widget-container\">\n\t\t\t\t\t\t\t\t\t<p>\u00a1Lo m\u00e1s gratificante del trabajo bien hecho es\u00a0<strong>recoger las recompensas!<\/strong><\/p><p>Por cada venta que generes,\u00a0<strong>\u00a1ganar\u00e1s una comisi\u00f3n del 10%<\/strong> para canjear por productos de nuestra tienda <strong>ilimitadamente<\/strong>!<\/p>\t\t\t\t\t\t\t\t<\/div>\n\t\t\t\t<\/div>\n\t\t\t\t<div class=\"elementor-element elementor-element-e5777f7 elementor-widget elementor-widget-heading\" data-id=\"e5777f7\" data-element_type=\"widget\" data-widget_type=\"heading.default\">\n\t\t\t\t<div class=\"elementor-widget-container\">\n\t\t\t\t\t<h4 class=\"elementor-heading-title elementor-size-default\">m\u00e1s ventajas<\/h4>\t\t\t\t<\/div>\n\t\t\t\t<\/div>\n\t\t\t\t<div class=\"elementor-element elementor-element-9f8f71b elementor-widget elementor-widget-text-editor\" data-id=\"9f8f71b\" data-element_type=\"widget\" data-widget_type=\"text-editor.default\">\n\t\t\t\t<div class=\"elementor-widget-container\">\n\t\t\t\t\t\t\t\t\t<p>Newsletters con promociones, cupones, nuevos lanzamientos, eventos\u00a0<strong>\u00a1y muchos otros beneficios que iremos sumando!<\/strong><\/p>\t\t\t\t\t\t\t\t<\/div>\n\t\t\t\t<\/div>\n\t\t\t\t<\/div>\n\t\t<div class=\"elementor-element elementor-element-d5cdb27 e-con-full e-flex wpr-particle-no wpr-jarallax-no wpr-parallax-no wpr-sticky-section-no e-con e-child\" data-id=\"d5cdb27\" data-element_type=\"container\">\n\t\t\t\t<div class=\"elementor-element elementor-element-f411bf4 elementor-widget elementor-widget-image\" data-id=\"f411bf4\" data-element_type=\"widget\" data-widget_type=\"image.default\">\n\t\t\t\t<div class=\"elementor-widget-container\">\n\t\t\t\t\t\t\t\t\t\t\t\t\t\t\t<img decoding=\"async\" width=\"604\" height=\"1024\" src=\"https:\/\/zoomadlabs.com\/wp-content\/uploads\/2024\/11\/afiliados-3-604x1024.jpg\" class=\"attachment-large size-large wp-image-10439\" alt=\"\" srcset=\"https:\/\/zoomadlabs.com\/wp-content\/uploads\/2024\/11\/afiliados-3-604x1024.jpg 604w, https:\/\/zoomadlabs.com\/wp-content\/uploads\/2024\/11\/afiliados-3-177x300.jpg 177w, https:\/\/zoomadlabs.com\/wp-content\/uploads\/2024\/11\/afiliados-3-768x1302.jpg 768w, https:\/\/zoomadlabs.com\/wp-content\/uploads\/2024\/11\/afiliados-3-906x1536.jpg 906w, https:\/\/zoomadlabs.com\/wp-content\/uploads\/2024\/11\/afiliados-3-7x12.jpg 7w, https:\/\/zoomadlabs.com\/wp-content\/uploads\/2024\/11\/afiliados-3-600x1017.jpg 600w, https:\/\/zoomadlabs.com\/wp-content\/uploads\/2024\/11\/afiliados-3.jpg 1131w\" sizes=\"(max-width: 604px) 100vw, 604px\" \/>\t\t\t\t\t\t\t\t\t\t\t\t\t\t\t<\/div>\n\t\t\t\t<\/div>\n\t\t\t\t<\/div>\n\t\t\t\t\t<\/div>\n\t\t\t\t<\/div>\n\t\t<div class=\"elementor-element elementor-element-2cec86c e-flex e-con-boxed wpr-particle-no wpr-jarallax-no wpr-parallax-no wpr-sticky-section-no e-con e-parent\" data-id=\"2cec86c\" data-element_type=\"container\">\n\t\t\t\t\t<div class=\"e-con-inner\">\n\t\t<div class=\"elementor-element elementor-element-ede80f3 e-con-full e-flex wpr-particle-no wpr-jarallax-no wpr-parallax-no wpr-sticky-section-no e-con e-child\" data-id=\"ede80f3\" data-element_type=\"container\">\n\t\t\t\t<div class=\"elementor-element elementor-element-809e848 elementor-align-center elementor-widget elementor-widget-button\" data-id=\"809e848\" data-element_type=\"widget\" data-widget_type=\"button.default\">\n\t\t\t\t<div class=\"elementor-widget-container\">\n\t\t\t\t\t\t\t\t\t<div class=\"elementor-button-wrapper\">\n\t\t\t\t\t<a class=\"elementor-button elementor-button-link elementor-size-sm\" href=\"https:\/\/www.affiliatly.com\/af-1069676\/affiliate.panel?mode=register\" target=\"_blank\">\n\t\t\t\t\t\t<span class=\"elementor-button-content-wrapper\">\n\t\t\t\t\t\t\t\t\t<span class=\"elementor-button-text\">REGISTER<\/span>\n\t\t\t\t\t<\/span>\n\t\t\t\t\t<\/a>\n\t\t\t\t<\/div>\n\t\t\t\t\t\t\t\t<\/div>\n\t\t\t\t<\/div>\n\t\t\t\t<div class=\"elementor-element elementor-element-2505829 elementor-align-center elementor-widget elementor-widget-button\" data-id=\"2505829\" data-element_type=\"widget\" data-widget_type=\"button.default\">\n\t\t\t\t<div class=\"elementor-widget-container\">\n\t\t\t\t\t\t\t\t\t<div class=\"elementor-button-wrapper\">\n\t\t\t\t\t<a class=\"elementor-button elementor-button-link elementor-size-sm\" href=\"https:\/\/www.affiliatly.com\/af-1069676\/affiliate.panel\" target=\"_blank\">\n\t\t\t\t\t\t<span class=\"elementor-button-content-wrapper\">\n\t\t\t\t\t\t\t\t\t<span class=\"elementor-button-text\">LOGIN<\/span>\n\t\t\t\t\t<\/span>\n\t\t\t\t\t<\/a>\n\t\t\t\t<\/div>\n\t\t\t\t\t\t\t\t<\/div>\n\t\t\t\t<\/div>\n\t\t\t\t<\/div>\n\t\t\t\t\t<\/div>\n\t\t\t\t<\/div>\n\t\t<div class=\"elementor-element elementor-element-bd6ae62 e-flex e-con-boxed wpr-particle-no wpr-jarallax-no wpr-parallax-no wpr-sticky-section-no e-con e-parent\" data-id=\"bd6ae62\" data-element_type=\"container\">\n\t\t\t\t\t<div class=\"e-con-inner\">\n\t\t\t\t<div class=\"elementor-element elementor-element-a4f0331 elementor-widget elementor-widget-text-editor\" data-id=\"a4f0331\" data-element_type=\"widget\" data-widget_type=\"text-editor.default\">\n\t\t\t\t<div class=\"elementor-widget-container\">\n\t\t\t\t\t\t\t\t\t*Los canjes del saldo ganado por productos de la tienda aplican al precio regular de los productos. Quedan Exentos de cualquier descuento o promoci\u00f3n que tengan dichos productos al momento del canje. Podr\u00e1s canjear tus ganancias a partir de los 100\u20ac acumulados.\t\t\t\t\t\t\t\t<\/div>\n\t\t\t\t<\/div>\n\t\t\t\t\t<\/div>\n\t\t\t\t<\/div>\n\t\t\t\t<\/div>","protected":false},"excerpt":{"rendered":"<p>queremos construir una comunidad de personas comprometidas con el bienestar y el cuidado personal. En Zoomad Labs\u00ae\ufe0f no solo creamos suplementos de \u00e9lite, sino que somos una comunidad de bestias. Si compartes afinidad por nuestros productos, el Universo Zoomad y quieres ser parte de algo m\u00e1s grande, este es tu lugar. ZOOMAFIA EMBAJADORES DE MARCA Si eres creador\/a de contenido, tienes un gran alcance en redes sociales o un estilo de vida inspirador que motiva a otros a cuidarse, \u00a1queremos que te unas a la Zoomafia como Embajador de Marca de\u00a0Zoomad Labs! Tendr\u00e1s acceso a\u00a0productos gratuitos, novedades y eventos.\u00a0 Ser\u00e1s una pieza clave en nuestras campa\u00f1as y te ofreceremos un Paquete de\u00a0beneficios econ\u00f3micos\u00a0hecho a tu medida. Ventajas: Paquete de beneficios econ\u00f3micos mensual. Productos gratuitos y exclusivos. Acceso anticipado a lanzamientos de nuevos productos. Promociones especiales para tus seguidores. Reconocimiento en nuestras redes sociales y sitio web. Oportunidad de participar en eventos importantes como parte del Team Zoomafia. \u00bfC\u00f3mo puedo ser embajador de Zoomad Labs? Contacta con nosotros al email\u00a0info@zoomadlabs.com\u00a0y env\u00edanos el enlace de tu red social m\u00e1s importante, y te contactaremos para discutir los detalles. REG\u00cdSTRATE INICIA SESI\u00d3N ZOOMAFIA programa de afiliados \u00bfSiempre le est\u00e1s diciendo a tus amigos y conocidos qu\u00e9 suplementaci\u00f3n tomar y c\u00f3mo deben consumirla? \u00a1\u00c9ste es tu lugar! Acumula comisi\u00f3n de ventas por cada producto que hayan comprado con tu recomendaci\u00f3n. \u00bfQuieres formar parte de la Crew? Es muy sencillo reg\u00edstrate \u00a1Tan f\u00e1cil como hacer un click en el enlace que te dejamos a continuaci\u00f3n!\u00a0 comparte Tras el registro se crear\u00e1 tu\u00a0enlace de afiliado. \u00a1Es el momento de que lo compartas en todas tus redes sociales!, te recomendamos que lo coloques en el perfil para que todos lo vean. cup\u00f3n del 10% de descuento \u00bfLo m\u00e1s importante? recibir\u00e1s un cup\u00f3n personalizado con el cual t\u00fa y tus seguidores podr\u00e9is obtener un 10% de descuento en toda la tienda \u00a1Sin l\u00edmites y para siempre! comisiones \u00a1Lo m\u00e1s gratificante del trabajo bien hecho es\u00a0recoger las recompensas! Por cada venta que generes,\u00a0\u00a1ganar\u00e1s una comisi\u00f3n del 10% para canjear por productos de nuestra tienda ilimitadamente! m\u00e1s ventajas Newsletters con promociones, cupones, nuevos lanzamientos, eventos\u00a0\u00a1y muchos otros beneficios que iremos sumando! REG\u00cdSTRATE INICIA SESI\u00d3N *Los canjes del saldo ganado por productos de la tienda aplican al precio regular de los productos. Quedan Exentos de cualquier descuento o promoci\u00f3n que tengan dichos productos al momento del canje. Podr\u00e1s canjear tus ganancias a partir de los 100\u20ac acumulados.<\/p>","protected":false},"author":1,"featured_media":0,"parent":0,"menu_order":0,"comment_status":"closed","ping_status":"closed","template":"","meta":{"_acf_changed":false,"footnotes":""},"class_list":["post-10375","page","type-page","status-publish","hentry"],"acf":[],"aioseo_notices":[],"_links":{"self":[{"href":"https:\/\/zoomadlabs.com\/en\/wp-json\/wp\/v2\/pages\/10375","targetHints":{"allow":["GET"]}}],"collection":[{"href":"https:\/\/zoomadlabs.com\/en\/wp-json\/wp\/v2\/pages"}],"about":[{"href":"https:\/\/zoomadlabs.com\/en\/wp-json\/wp\/v2\/types\/page"}],"author":[{"embeddable":true,"href":"https:\/\/zoomadlabs.com\/en\/wp-json\/wp\/v2\/users\/1"}],"replies":[{"embeddable":true,"href":"https:\/\/zoomadlabs.com\/en\/wp-json\/wp\/v2\/comments?post=10375"}],"version-history":[{"count":0,"href":"https:\/\/zoomadlabs.com\/en\/wp-json\/wp\/v2\/pages\/10375\/revisions"}],"wp:attachment":[{"href":"https:\/\/zoomadlabs.com\/en\/wp-json\/wp\/v2\/media?parent=10375"}],"curies":[{"name":"wp","href":"https:\/\/api.w.org\/{rel}","templated":true}]}}