{"id":3,"date":"2024-02-29T11:16:15","date_gmt":"2024-02-29T11:16:15","guid":{"rendered":"http:\/\/zoomadlabs.com\/?page_id=3"},"modified":"2024-10-10T08:40:54","modified_gmt":"2024-10-10T08:40:54","slug":"privacy-policy","status":"publish","type":"page","link":"https:\/\/zoomadlabs.com\/en\/privacy-policy","title":{"rendered":"LEGAL NOTICE AND PRIVACY POLICY"},"content":{"rendered":"<div data-elementor-type=\"wp-page\" data-elementor-id=\"3\" class=\"elementor elementor-3\" data-elementor-post-type=\"page\">\n\t\t\t\t<div class=\"elementor-element elementor-element-78efe3bc e-flex e-con-boxed wpr-particle-no wpr-jarallax-no wpr-parallax-no wpr-sticky-section-no e-con e-parent\" data-id=\"78efe3bc\" data-element_type=\"container\">\n\t\t\t\t\t<div class=\"e-con-inner\">\n\t\t\t\t<div class=\"elementor-element elementor-element-0843e4a elementor-widget elementor-widget-heading\" data-id=\"0843e4a\" data-element_type=\"widget\" data-widget_type=\"heading.default\">\n\t\t\t\t<div class=\"elementor-widget-container\">\n\t\t\t\t\t<h2 class=\"elementor-heading-title elementor-size-default\">LEGAL NOTICE AND PRIVACY POLICY\n<\/h2>\t\t\t\t<\/div>\n\t\t\t\t<\/div>\n\t\t\t\t<div class=\"elementor-element elementor-element-3b52d5a2 elementor-widget elementor-widget-text-editor\" data-id=\"3b52d5a2\" data-element_type=\"widget\" data-widget_type=\"text-editor.default\">\n\t\t\t\t<div class=\"elementor-widget-container\">\n\t\t\t\t\t\t\t\t\t<p><\/p>\n<h3 class=\"wp-block-heading\">\u00a0<\/h3>\n<h2><strong>Legal Details<\/strong><\/h2>\n<p>Beaufit Sl<\/p>\n<p>CIF ES_B66634908<\/p>\n<p>Address: C\/ Salamanca, 25<\/p>\n<p>Arganda del Rey,28500, Madrid.<\/p>\n<p>email: info@zoomadlabs.com<\/p>\n<p><strong>\u00a0<\/strong><\/p>\n<h2><strong>Privacy Policy<\/strong><\/h2>\n<p>Cuando usted nos facilita informaci\u00f3n de car\u00e1cter personal a trav\u00e9s del sitio web www.zoomadlabs.com (en adelante, el \u201cSitio Web\u201d), www.zoomadlabs.com\u00a0(en adelante, el \u00abTitular\u00bb) respeta su intimidad y los derechos que le reconoce la normativa sobre protecci\u00f3n de datos de car\u00e1cter personal. Por ello, es importante que entienda qu\u00e9 informaci\u00f3n que recabamos acerca de usted durante su visita y qu\u00e9 hacemos con dicha informaci\u00f3n. Su visita al Sitio Web est\u00e1 sujeta a la presente Pol\u00edtica sobre Tratamiento de Datos Personales. No comunicaremos a terceros su informaci\u00f3n de car\u00e1cter personal, salvo en la forma establecida en esta Pol\u00edtica sobre Privacidad y Tratamiento de Datos o en los avisos establecidos para cada supuesto en que se recojan sus datos personales. El Titular podr\u00e1 revelar cualquier informaci\u00f3n, incluyendo datos de car\u00e1cter personal.<\/p>\n<p><strong>Collection and Use of Information.<\/strong><\/p>\n<p>By providing us with your personal data on the Website, you are expressing your acceptance of the processing and communication of your personal data as outlined in this Personal Data Processing Policy. If you prefer that the Owner does not collect personal information about you, please do not provide it to us. The Owner may use the personal information you provide in a dissociated manner (without personal identification) for internal purposes, such as compiling statistics. Thus, the Owner may collect, store, or accumulate certain non-personal information regarding your use of the Website, such as information indicating which of our pages are the most popular.<\/p>\n<p>\u00a0<\/p>\n<h2><strong>Cookies and Log Files.<\/strong><\/h2>\n<p>The Owner may place a \"cookie\" on your computer's hard drive to recognize you as a returning user and personalize your use of the Website. The cookie will remain on your computer's hard drive until you delete it. You can set your browser to notify you of the presence of cookies or to automatically reject them. If you reject cookies, you may still use the Website, although this may limit the use of some features or prevent the proper functioning of the Website.<\/p>\n<p><strong>Third Parties<\/strong><\/p>\n<p>The Owner may hire third parties to perform functions on its behalf in connection with the purposes for which your personal data may be collected, such as analyzing the information provided, hosting websites, or providing business expansion services. These third parties may have access to the personal information necessary to perform their functions, but they may not use this information for any other purpose. We will regulate our relationships with such third parties as required by applicable personal data protection regulations.<\/p>\n<p><strong>Links<\/strong><\/p>\n<p>The Website may contain links to or from other websites. You should be aware that the Owner is not responsible for the data processing practices of other websites. This Personal Data Processing Policy applies only to the information we collect on our Website. We advise you to read the personal data processing policies of other websites you link to or from our Website or otherwise visit.<\/p>\n<p><strong>Notification of Changes.<\/strong><\/p>\n<p>This Personal Data Processing Policy may be modified by the Owner at any time and will be effective from that moment. In such a case, the revised policy will be included on the Website, and if you are a registered user, we will send it to you by email. IF YOU ARE A REGISTERED USER AND DO NOT RESPOND TO THE REFERRED EMAIL WITHIN THIRTY (30) DAYS, YOUR SILENCE WILL BE CONSIDERED AS CONSENT TO THE NEW PERSONAL DATA PROCESSING POLICY.<\/p>\n<p><strong>Rights of Access, Rectification, Cancellation, and Opposition.<\/strong><\/p>\n<p>You can exercise your rights of access, rectification, or cancellation of your data, or oppose the processing of your personal data, by notifying the Owner in writing at the address info@zoomadlabs.com.<\/p>\n<p><strong>Data Controller.<\/strong><\/p>\n<p>The Owner, with the address provided above, will be the data controller for the file or files containing the information you provide to us.<\/p>\n<p>\u00a0<\/p>\n<h3><strong>Terms and Conditions<\/strong><\/h3>\n<p><strong>Terms of Use<\/strong><\/p>\n<p>Welcome to www.zoomadlabs.com. Please read the terms carefully before using this website. By using this website, you agree to the terms and conditions defined herein. If you do not agree to these terms and conditions, please refrain from using this website. Your use of and\/or registration as a user implies your full knowledge and acceptance of the terms of use outlined.<\/p>\n<p><strong>Previous information<\/strong><\/p>\n<p>These conditions govern the contractual relationship for the sale of products from the online store www.zoomadlabs.com, displayed on this website, owned by Beaufit Sl. These general conditions apply to any purchase made from the mentioned company and bind the Buyer, as the contracting party, from the moment the order is placed through the Purchase Order. The Owner reserves the right to modify the list of products and prices at any time and without prior notice, although such modifications will not affect contracts already made.<\/p>\n<p><strong>SALES SYSTEM.<\/strong><\/p>\n<p>To make the purchase, the Buyer must add the item or items they wish to purchase to the shopping cart, and then send the Purchase Order according to the model provided. The formalization of the purchase will be understood to be carried out under full acceptance of these conditions of sale. The Buyer is solely responsible for the information provided when placing the order. Therefore, the Seller declines all responsibility derived from errors, such as the impossibility of delivery due to incorrect address or other anomalies. These conditions, together with the Purchase Order made through the Internet by the Buyer, constitute the formalization of the purchase-sale contract between the Seller and the Buyer, who declares to be of legal age, to have sufficient capacity to contract and to have read, understood and accepted these conditions. The products will be sent to the delivery address indicated by the Buyer, within the stipulated deadlines according to the shipping method chosen. The Seller will not be responsible in any case for possible delays in delivery by any transport agency, the order being understood to have been sent by the Seller according to the date of the collection note. The characteristics of the products and their prices appear on the screen. Items are available for sale while supplies last. The Seller declares its intention to adequately update the information and photographs of the products on display, however the Buyer recognizes and admits that these have no contractual value and are susceptible to modification without prior notice.<\/p>\n<p><strong>Pricing and taxes<\/strong><\/p>\n<p>The prices of the products displayed on the website are valid except in the case of typographical errors and include the Value Added Tax (VAT) that may be applicable. Prices are expressed in EUROS (\u20ac). All purchases will be subject to VAT. The prices applied will be those in effect at the time of validating the purchase. Shipping costs are not included in the prices and will be calculated based on the order amount, destination, and weight of the merchandise. To issue an invoice, the Buyer must provide their corresponding DNI, NIF, or NIE. The order confirmation is not valid as an invoice, only as proof of the Purchase Order.<\/p>\n<p><strong>payment methods<\/strong><\/p>\n<p class=\"translation-block\">On <a href=\"https:\/\/zoomadlabs.com\/en\/\" target=\"_blank\" rel=\"noopener\">www.zoomadlabs.com<\/a>, you can use the following credit and debit cards as payment methods: Visa, Visa Electron, 4B, Euro6000, MasterCard, American Express, Maestro International, and PayPal.<\/p>\n<p>\u00a0<\/p>\n<p><img decoding=\"async\" src=\"https:\/\/zoomadlabs.com\/wp-content\/uploads\/2024\/07\/payment-logos.webp\" alt=\"\" width=\"676\" height=\"48\" \/><\/p>\n<p><strong>Shipping<\/strong><\/p>\n<p>Our warehouse staff will prepare the package with the products for collection by the logistics company. Orders confirmed before 11:00, destined for the Peninsula (including Portugal), will arrive at their destination in the next 48 to 72 business hours from Monday to Friday, excluding holidays. If you are not at home, the logistics company will leave a delivery attempt receipt so that you can contact the nearest branch and agree on a delivery time. Finally you will receive your order at the agreed delivery location.<\/p>\n<p><strong>Shipping expenses<\/strong><\/p>\n<p>At www.zoomadlabs.com shipping costs are free on orders equal to or greater than \u20ac29.90.\u00a0 Orders less than \u20ac29.90 have a cost of \u20ac4.90.\u00a0 Shipping costs may vary depending on destination.<\/p>\n<p><strong>Returns<\/strong><\/p>\n<ol>\n<li>The returned product must be in perfect condition, with its original labeling, promotional products, and, in general, everything that was included with the purchase of the mentioned product.<\/li>\n<li>The period for exercising the right of withdrawal is 14 calendar days from the delivery date.<\/li>\n<li>Las devoluciones se efectuar\u00e1n lo antes posible y, en cualquier caso, dentro del plazo de 14 d\u00edas naturales, las devoluciones y las anulaciones parciales de un pedido, dar\u00e1n lugar a reembolsos parciales, de la cantidad total abonada por el pedido \u00edntegro.<\/li>\n<li>Items identified as gifts obtained with a purchase and requested to be returned individually will not be subject to the right of return.<\/li>\n<li>For promotional products, in the case of withdrawal, the amount paid by the customer will be refunded.<\/li>\n<li>Returns will be subject to shipping costs.<\/li>\n<li>Exchanges for another product will be free of shipping costs.<\/li>\n<li class=\"translation-block\">Size or color exchanges will be free of shipping costs. Returns will incur an additional cost of \u20ac5.90 to cover the expense of collecting the product.<\/li>\n<\/ol>\n<div>\u00a0<\/div>\n<p><strong>Seller's Obligations<\/strong><\/p>\n<p>The merchandise requested by the Buyer will be shipped via the postal service or a reputable courier company, which will deliver it to the address specified by the customer within the estimated timeframe indicated in the order form, and in any case, within a maximum legal period of 30 days. Once the Buyer submits the request containing their order to the Seller, the Seller will send an acknowledgment of receipt of the order placed.<\/p>\n<p><strong>Buyer\u2019s Rights: Right of Withdrawal<\/strong><\/p>\n<p>The Buyer will have a period of fifteen (15) business days to cancel the contract under the right of withdrawal (according to Article 44 of Law 7\/1996, of January 15, on the Regulation of Retail Trade, as amended by Law 47\/2002, of December 19). This period will be calculated from the receipt of the order by the customer. In such a case, the Buyer must notify the Seller, within the stipulated period and by any legally accepted means, of their desire to exercise the right of contract cancellation. Shipping costs for returns not attributable to a product defect will not be refunded. Additionally, the management of the return shipment and the return shipping costs will be the customer's responsibility.<\/p>\n<p><strong>Buyer's Obligations<\/strong><\/p>\n<p>The Buyer is obligated to pay for the requested merchandise.<\/p>\n<p><strong>Security and Confidentiality<\/strong><\/p>\n<p>El Comprador consiente y acepta expresa e inequ\u00edvocamente que los datos personales sean incorporados en un fichero cuyo responsable es el titular a efectos de poder tramitar los pedidos, as\u00ed como para enviar informaci\u00f3n comercial siempre que el Comprador se haya suscrito a dicho servicio y haya aceptado recibir informaci\u00f3n de ese tipo.De conformidad con Ley Org\u00e1nica 15\/1999 de 13 de diciembre, de Protecci\u00f3n de Datos de Car\u00e1cter Personal (\u00abLOPD\u00bb), se informa que el Comprador podr\u00e1 ejercitar los derechos de acceso y rectificaci\u00f3n, as\u00ed como de cancelaci\u00f3n y oposici\u00f3n, dirigi\u00e9ndose al Vendedor, mediante correo electr\u00f3nico info@zoomadlabs.com<br \/><strong>Legislaton<\/strong><\/p>\n<p>These conditions shall be governed by Spanish law. For the resolution of any doubts, discrepancies, or disputes that may arise in the fulfillment and interpretation of this Contract, the parties agree, waiving their own jurisdiction, to submit to the courts and tribunals of the city of Madrid (Spain).<\/p>\n<p><\/p>\t\t\t\t\t\t\t\t<\/div>\n\t\t\t\t<\/div>\n\t\t\t\t\t<\/div>\n\t\t\t\t<\/div>\n\t\t\t\t<\/div>","protected":false},"excerpt":{"rendered":"<p>DATOS LEGALES Y POL\u00cdTICA DE PRIVACIDAD \u00a0 Datos Legales Beaufit Sl CIF ES_B66634908 Direcci\u00f3n: C\/ Salamanca, 25 Arganda del Rey,28500, Madrid. email: info@zoomadlabs.com \u00a0 Pol\u00edtica de privacidad Cuando usted nos facilita informaci\u00f3n de car\u00e1cter personal a trav\u00e9s del sitio web www.zoomadlabs.com (en adelante, el \u201cSitio Web\u201d), www.zoomadlabs.com\u00a0(en adelante, el \u00abTitular\u00bb) respeta su intimidad y los derechos que le reconoce la normativa sobre protecci\u00f3n de datos de car\u00e1cter personal. Por ello, es importante que entienda qu\u00e9 informaci\u00f3n que recabamos acerca de usted durante su visita y qu\u00e9 hacemos con dicha informaci\u00f3n. Su visita al Sitio Web est\u00e1 sujeta a la presente Pol\u00edtica sobre Tratamiento de Datos Personales. No comunicaremos a terceros su informaci\u00f3n de car\u00e1cter personal, salvo en la forma establecida en esta Pol\u00edtica sobre Privacidad y Tratamiento de Datos o en los avisos establecidos para cada supuesto en que se recojan sus datos personales. El Titular podr\u00e1 revelar cualquier informaci\u00f3n, incluyendo datos de car\u00e1cter personal. Recogida y Uso de la Informaci\u00f3n. Al facilitarnos sus datos de car\u00e1cter personal en el Sitio Web, est\u00e1 expresando su aceptaci\u00f3n al tratamiento y comunicaci\u00f3n de sus datos personales en la forma contemplada en esta Pol\u00edtica sobre Tratamiento de Datos Personales. Si prefiere que el Titular no recabe informaci\u00f3n personal acerca de usted, rogamos que no nos la facilite. El Titular podr\u00e1 usar la informaci\u00f3n de car\u00e1cter personal que nos facilite de forma disociada (sin identificaci\u00f3n personal) para fines internos, como puede ser la elaboraci\u00f3n de estad\u00edsticas. As\u00ed, el Titular podr\u00e1 recabar, almacenar o acumular determinada informaci\u00f3n de car\u00e1cter no personal referente a su uso del Sitio Web, como por ejemplo aquella informaci\u00f3n que indique cu\u00e1les de nuestras p\u00e1ginas son m\u00e1s populares. \u00a0 Cookies y Archivos de Registro. El Titular podr\u00e1 colocar una \u201ccookie\u201d en el disco duro de su ordenador a fin de reconocerlo como usuario recurrente y personalizar su uso del Sitio Web. La cookie se guardar\u00e1 en el disco duro de su ordenador hasta que usted la elimine. Podr\u00e1 hacer que su navegador le avise de la presencia de cookies o que los rechace autom\u00e1ticamente. Si rechaza las cookies podr\u00e1 seguir usando el Sitio Web, si bien ello podr\u00e1 suponer la limitaci\u00f3n en el uso de algunas de las prestaciones o impedir el buen funcionamiento del Sitio Web. Terceros. El Titular podr\u00e1 contratar a terceros para que desempe\u00f1en funciones en su nombre en relaci\u00f3n con los fines para los que se puedan recoger sus datos personales, como por ejemplo, analizar la informaci\u00f3n proporcionada, alojar sitios web o prestar servicios expansi\u00f3n empresarial. Dichos terceros podr\u00e1n tener acceso a la informaci\u00f3n de car\u00e1cter personal necesaria para el desempe\u00f1o de sus funciones, si bien no podr\u00e1n utilizar dicha informaci\u00f3n para ning\u00fan otro fin y regularemos nuestras relaciones con tales terceros en la manera exigida por la normativa aplicable sobre protecci\u00f3n de datos de car\u00e1cter personal. Enlaces. El Sitio Web podr\u00e1 contener enlaces a o desde otros sitios web. Debe saber que el Titular no se responsabiliza de las pr\u00e1cticas que, en materia de tratamiento de datos personales, siguen otros sitios web. La presente Pol\u00edtica sobre Tratamiento de Datos Personales es de aplicaci\u00f3n solamente a la informaci\u00f3n que recabamos en nuestro Sitio Web. Le aconsejamos leer las pol\u00edticas sobre tratamiento de datos personales de otros sitios web con los que enlace a o desde nuestro Sitio Web o que visite de otra forma. Notificaci\u00f3n de Cambios. La presente Pol\u00edtica sobre Tratamiento de Datos Personales podr\u00e1 ser modificada por el Titular en cualquier momento y se entender\u00e1 vigente a partir de dicho momento. En dicho caso, se incluir\u00e1 la pol\u00edtica revisada en el Sitio Web y si usted es un usuario registrado, se la enviaremos por correo electr\u00f3nico. SI ES USUARIO REGISTRADO Y NO RESPONDE AL REFERIDO CORREO ELECTR\u00d3NICO EN UN PLAZO DE TREINTA (30) D\u00cdAS, SU SILENCIO SE ENTENDER\u00c1 COMO CONSENTIMIENTO A LA NUEVA POL\u00cdTICA SOBRE TRATAMIENTO DE DATOS PERSONALES. Derechos de Acceso, Rectificaci\u00f3n, Cancelaci\u00f3n y Oposici\u00f3n. Puede usted ejercitar sus derechos de acceso, rectificaci\u00f3n o cancelaci\u00f3n de sus datos u oponerse al tratamiento de sus datos personales, comunic\u00e1ndolo por escrito al Titular en la direcci\u00f3n info@zoomadlabs.com Responsable del Fichero. El Titular, con domicilio en la direcci\u00f3n expresada arriba, ser\u00e1 el responsable del fichero o ficheros que contengan la informaci\u00f3n que usted nos facilite. \u00a0 T\u00c9RMINOS Y CONDICIONES CONDICIONES DE USO Bienvenido a www.zoomadlabs.com,\u00a0por favor, lea los t\u00e9rminos cuidadosamente antes de utilizar esta Web. Usando esta Web, usted acepta los t\u00e9rminos y las condiciones definidas aqu\u00ed. Si usted no acepta estos t\u00e9rminos y condiciones, abst\u00e9ngase de usar esta web. Su\u00a0 utilizaci\u00f3n\u00a0 y\/o registrarse como usuario implica el conocimiento y la aceptaci\u00f3n integra de las condiciones de uso expuestas. INFORMACI\u00d3N PREVIA Las presentes condiciones regulan la relaci\u00f3n contractual que tiene por objeto la venta de los productos de la tienda virtual\u00a0 www.zoomadlabs.com, expuestos en este sitio-web, propiedad de Beaufit Sl. Dichas condiciones generales se aplican a cualquier compra realizada a la mencionada sociedad y obligan al Comprador, como parte contratante, desde el momento en que formula el pedido a trav\u00e9s de la Orden de Compra. El titular se reserva el derecho de modificar la lista de productos y precios, en cualquier momento y sin pre aviso, si bien dichas modificaciones no se aplicar\u00e1n a las contrataciones ya realizadas. SISTEMA DE VENTA. Para realizar la compra, el Comprador debe a\u00f1adir al carrito de la compra, el art\u00edculo o art\u00edculos que desee adquirir, y posteriormente enviar la Orden de Compra conforme al modelo que se suministra. La formalizaci\u00f3n de la compra se entender\u00e1 realizada bajo la total aceptaci\u00f3n de estas condiciones de venta. El Comprador es el \u00fanico responsable de la informaci\u00f3n que facilita cuando realiza el pedido. Por ello el Vendedor declina toda responsabilidad derivada de errores, como pudiera ser la imposibilidad de entrega por direcci\u00f3n incorrecta u otras anomal\u00edas. Las presentes condiciones unidas a la Orden de Compra realizada a trav\u00e9s de Internet por el Comprador, constituyen la formalizaci\u00f3n del contrato de compra-venta entre Vendedor y Comprador, quien declara ser mayor de edad, tener capacidad suficiente<\/p>","protected":false},"author":1,"featured_media":0,"parent":0,"menu_order":0,"comment_status":"closed","ping_status":"open","template":"","meta":{"_acf_changed":false,"footnotes":""},"class_list":["post-3","page","type-page","status-publish","hentry"],"acf":[],"aioseo_notices":[],"_links":{"self":[{"href":"https:\/\/zoomadlabs.com\/en\/wp-json\/wp\/v2\/pages\/3","targetHints":{"allow":["GET"]}}],"collection":[{"href":"https:\/\/zoomadlabs.com\/en\/wp-json\/wp\/v2\/pages"}],"about":[{"href":"https:\/\/zoomadlabs.com\/en\/wp-json\/wp\/v2\/types\/page"}],"author":[{"embeddable":true,"href":"https:\/\/zoomadlabs.com\/en\/wp-json\/wp\/v2\/users\/1"}],"replies":[{"embeddable":true,"href":"https:\/\/zoomadlabs.com\/en\/wp-json\/wp\/v2\/comments?post=3"}],"version-history":[{"count":0,"href":"https:\/\/zoomadlabs.com\/en\/wp-json\/wp\/v2\/pages\/3\/revisions"}],"wp:attachment":[{"href":"https:\/\/zoomadlabs.com\/en\/wp-json\/wp\/v2\/media?parent=3"}],"curies":[{"name":"wp","href":"https:\/\/api.w.org\/{rel}","templated":true}]}}